{"id":632,"date":"2023-11-30T18:06:54","date_gmt":"2023-11-30T18:06:54","guid":{"rendered":"https:\/\/stbenedictmiami.org\/?page_id=632"},"modified":"2024-01-16T02:45:13","modified_gmt":"2024-01-16T02:45:13","slug":"marriage","status":"publish","type":"page","link":"https:\/\/stbenedictmiami.org\/es\/marriage\/","title":{"rendered":"MATRIMONIO"},"content":{"rendered":"<div data-elementor-type=\"wp-page\" data-elementor-id=\"632\" class=\"elementor elementor-632\">\n\t\t\t\t<div class=\"elementor-element elementor-element-a603c1b e-flex e-con-boxed e-con e-parent\" data-id=\"a603c1b\" data-element_type=\"container\" data-e-type=\"container\">\n\t\t\t\t\t<div class=\"e-con-inner\">\n\t\t\t\t<div class=\"elementor-element elementor-element-5a9b1e6 elementor-widget elementor-widget-heading\" data-id=\"5a9b1e6\" data-element_type=\"widget\" data-e-type=\"widget\" data-widget_type=\"heading.default\">\n\t\t\t\t<div class=\"elementor-widget-container\">\n\t\t\t\t\t<h1 class=\"elementor-heading-title elementor-size-default\">Casamiento<\/h1>\t\t\t\t<\/div>\n\t\t\t\t<\/div>\n\t\t\t\t<div class=\"elementor-element elementor-element-7d327ac elementor-widget elementor-widget-image\" data-id=\"7d327ac\" data-element_type=\"widget\" data-e-type=\"widget\" data-widget_type=\"image.default\">\n\t\t\t\t<div class=\"elementor-widget-container\">\n\t\t\t\t\t\t\t\t\t\t\t\t\t\t\t<img fetchpriority=\"high\" decoding=\"async\" width=\"1024\" height=\"683\" src=\"https:\/\/stbenedictmiami.org\/wp-content\/uploads\/2023\/12\/imagen-marriage-1024x683.webp\" class=\"attachment-large size-large wp-image-1055\" alt=\"\" srcset=\"https:\/\/stbenedictmiami.org\/wp-content\/uploads\/2023\/12\/imagen-marriage-1024x683.webp 1024w, https:\/\/stbenedictmiami.org\/wp-content\/uploads\/2023\/12\/imagen-marriage-300x200.webp 300w, https:\/\/stbenedictmiami.org\/wp-content\/uploads\/2023\/12\/imagen-marriage-768x512.webp 768w, https:\/\/stbenedictmiami.org\/wp-content\/uploads\/2023\/12\/imagen-marriage-1536x1025.webp 1536w, https:\/\/stbenedictmiami.org\/wp-content\/uploads\/2023\/12\/imagen-marriage-18x12.webp 18w, https:\/\/stbenedictmiami.org\/wp-content\/uploads\/2023\/12\/imagen-marriage-600x400.webp 600w, https:\/\/stbenedictmiami.org\/wp-content\/uploads\/2023\/12\/imagen-marriage.webp 2000w\" sizes=\"(max-width: 1024px) 100vw, 1024px\" \/>\t\t\t\t\t\t\t\t\t\t\t\t\t\t\t<\/div>\n\t\t\t\t<\/div>\n\t\t\t\t<div class=\"elementor-element elementor-element-a95d39c elementor-widget elementor-widget-text-editor\" data-id=\"a95d39c\" data-element_type=\"widget\" data-e-type=\"widget\" data-widget_type=\"text-editor.default\">\n\t\t\t\t<div class=\"elementor-widget-container\">\n\t\t\t\t\t\t\t\t\t<p><strong>Felicidades por tu matrimonio venidero!<\/strong><\/p>\t\t\t\t\t\t\t\t<\/div>\n\t\t\t\t<\/div>\n\t\t\t\t<div class=\"elementor-element elementor-element-96009ed elementor-widget-divider--view-line elementor-widget elementor-widget-divider\" data-id=\"96009ed\" data-element_type=\"widget\" data-e-type=\"widget\" data-widget_type=\"divider.default\">\n\t\t\t\t<div class=\"elementor-widget-container\">\n\t\t\t\t\t\t\t<div class=\"elementor-divider\">\n\t\t\t<span class=\"elementor-divider-separator\">\n\t\t\t\t\t\t<\/span>\n\t\t<\/div>\n\t\t\t\t\t\t<\/div>\n\t\t\t\t<\/div>\n\t\t\t\t\t<\/div>\n\t\t\t\t<\/div>\n\t\t<div class=\"elementor-element elementor-element-2f00869 e-flex e-con-boxed e-con e-parent\" data-id=\"2f00869\" data-element_type=\"container\" data-e-type=\"container\">\n\t\t\t\t\t<div class=\"e-con-inner\">\n\t\t\t\t<div class=\"elementor-element elementor-element-dbebbf8 elementor-widget elementor-widget-text-editor\" data-id=\"dbebbf8\" data-element_type=\"widget\" data-e-type=\"widget\" data-widget_type=\"text-editor.default\">\n\t\t\t\t<div class=\"elementor-widget-container\">\n\t\t\t\t\t\t\t\t\t<p>Si desea celebrar su boda en la Iglesia Cat\u00f3lica de San Benito, pase por la oficina parroquial. Nuestra parroquia se complace en ayudarle con la preparaci\u00f3n de un paso tan importante en su vida. Para ello, es necesario programar una cita con el p\u00e1rroco e iniciar el proceso de preparaci\u00f3n de la boda. Comun\u00edquese con nosotros al menos 6 (seis) meses antes de la fecha de matrimonio deseada.<br \/><br \/>Haremos todo lo posible para ayudarles a prepararse para este Sacramento, un momento espiritual importante, que los llevar\u00e1 a la presencia misma de Dios.<\/p>\t\t\t\t\t\t\t\t<\/div>\n\t\t\t\t<\/div>\n\t\t\t\t\t<\/div>\n\t\t\t\t<\/div>\n\t\t<div class=\"elementor-element elementor-element-0e7a3dd e-flex e-con-boxed e-con e-parent\" data-id=\"0e7a3dd\" data-element_type=\"container\" data-e-type=\"container\">\n\t\t\t\t\t<div class=\"e-con-inner\">\n\t\t<div class=\"elementor-element elementor-element-3dbfb90 e-con-full e-flex e-con e-child\" data-id=\"3dbfb90\" data-element_type=\"container\" data-e-type=\"container\" data-settings=\"{&quot;background_background&quot;:&quot;classic&quot;}\">\n\t\t\t\t<div class=\"elementor-element elementor-element-13e1bc7 elementor-widget elementor-widget-text-editor\" data-id=\"13e1bc7\" data-element_type=\"widget\" data-e-type=\"widget\" data-widget_type=\"text-editor.default\">\n\t\t\t\t<div class=\"elementor-widget-container\">\n\t\t\t\t\t\t\t\t\t<p>El sacramento del Matrimonio significa la uni\u00f3n de Cristo y la Iglesia. Da a los esposos la gracia de amarse con el amor con que Cristo ha amado a su Iglesia; la gracia del sacramento perfecciona as\u00ed el amor humano de los esposos, fortalece su unidad indisoluble y los santifica en el camino hacia la vida eterna (cf. Concilio de Trento: DS 1799).\u00a0<\/p><p><strong>(CCC # 1661)<\/strong><\/p>\t\t\t\t\t\t\t\t<\/div>\n\t\t\t\t<\/div>\n\t\t\t\t<\/div>\n\t\t\t\t\t<\/div>\n\t\t\t\t<\/div>\n\t\t\t\t<\/div>","protected":false},"excerpt":{"rendered":"<p>Marriage Congratulations on your upcoming marriage! If you wish to have your wedding at St Benedict Catholic Church, please stop by the parish office. Our parish is happy to help you with the preparation of such an important step in your life. To do this, you need to schedule an appointment with the parish priest [&hellip;]<\/p>\n","protected":false},"author":1,"featured_media":0,"parent":0,"menu_order":0,"comment_status":"closed","ping_status":"closed","template":"","meta":{"_coblocks_attr":"","_coblocks_dimensions":"","_coblocks_responsive_height":"","_coblocks_accordion_ie_support":"","site-sidebar-layout":"no-sidebar","site-content-layout":"","ast-site-content-layout":"full-width-container","site-content-style":"default","site-sidebar-style":"default","ast-global-header-display":"","ast-banner-title-visibility":"","ast-main-header-display":"","ast-hfb-above-header-display":"","ast-hfb-below-header-display":"","ast-hfb-mobile-header-display":"","site-post-title":"disabled","ast-breadcrumbs-content":"","ast-featured-img":"disabled","footer-sml-layout":"","ast-disable-related-posts":"","theme-transparent-header-meta":"","adv-header-id-meta":"","stick-header-meta":"","header-above-stick-meta":"","header-main-stick-meta":"","header-below-stick-meta":"","astra-migrate-meta-layouts":"default","ast-page-background-enabled":"default","ast-page-background-meta":{"desktop":{"background-color":"var(--ast-global-color-4)","background-image":"","background-repeat":"repeat","background-position":"center center","background-size":"auto","background-attachment":"scroll","background-type":"","background-media":"","overlay-type":"","overlay-color":"","overlay-opacity":"","overlay-gradient":""},"tablet":{"background-color":"","background-image":"","background-repeat":"repeat","background-position":"center center","background-size":"auto","background-attachment":"scroll","background-type":"","background-media":"","overlay-type":"","overlay-color":"","overlay-opacity":"","overlay-gradient":""},"mobile":{"background-color":"","background-image":"","background-repeat":"repeat","background-position":"center center","background-size":"auto","background-attachment":"scroll","background-type":"","background-media":"","overlay-type":"","overlay-color":"","overlay-opacity":"","overlay-gradient":""}},"ast-content-background-meta":{"desktop":{"background-color":"var(--ast-global-color-5)","background-image":"","background-repeat":"repeat","background-position":"center center","background-size":"auto","background-attachment":"scroll","background-type":"","background-media":"","overlay-type":"","overlay-color":"","overlay-opacity":"","overlay-gradient":""},"tablet":{"background-color":"var(--ast-global-color-5)","background-image":"","background-repeat":"repeat","background-position":"center center","background-size":"auto","background-attachment":"scroll","background-type":"","background-media":"","overlay-type":"","overlay-color":"","overlay-opacity":"","overlay-gradient":""},"mobile":{"background-color":"var(--ast-global-color-5)","background-image":"","background-repeat":"repeat","background-position":"center center","background-size":"auto","background-attachment":"scroll","background-type":"","background-media":"","overlay-type":"","overlay-color":"","overlay-opacity":"","overlay-gradient":""}},"_joinchat":[],"footnotes":""},"class_list":["post-632","page","type-page","status-publish","hentry"],"yoast_head":"<!-- This site is optimized with the Yoast SEO plugin v27.5 - https:\/\/yoast.com\/product\/yoast-seo-wordpress\/ -->\n<title>MARRIAGE -<\/title>\n<meta name=\"robots\" content=\"index, follow, max-snippet:-1, max-image-preview:large, max-video-preview:-1\" \/>\n<link rel=\"canonical\" href=\"https:\/\/stbenedictmiami.org\/es\/marriage\/\" \/>\n<meta property=\"og:locale\" content=\"es_ES\" \/>\n<meta property=\"og:type\" content=\"article\" \/>\n<meta property=\"og:title\" content=\"MARRIAGE -\" \/>\n<meta property=\"og:description\" content=\"Marriage Congratulations on your upcoming marriage! If you wish to have your wedding at St Benedict Catholic Church, please stop by the parish office. Our parish is happy to help you with the preparation of such an important step in your life. To do this, you need to schedule an appointment with the parish priest [&hellip;]\" \/>\n<meta property=\"og:url\" content=\"https:\/\/stbenedictmiami.org\/es\/marriage\/\" \/>\n<meta property=\"article:modified_time\" content=\"2024-01-16T02:45:13+00:00\" \/>\n<meta property=\"og:image\" content=\"https:\/\/stbenedictmiami.org\/wp-content\/uploads\/2023\/12\/imagen-marriage-1024x683.webp\" \/>\n<meta name=\"twitter:card\" content=\"summary_large_image\" \/>\n<meta name=\"twitter:label1\" content=\"Tiempo de lectura\" \/>\n\t<meta name=\"twitter:data1\" content=\"1 minuto\" \/>\n<script type=\"application\/ld+json\" class=\"yoast-schema-graph\">{\"@context\":\"https:\\\/\\\/schema.org\",\"@graph\":[{\"@type\":\"WebPage\",\"@id\":\"https:\\\/\\\/stbenedictmiami.org\\\/marriage\\\/\",\"url\":\"https:\\\/\\\/stbenedictmiami.org\\\/marriage\\\/\",\"name\":\"MARRIAGE -\",\"isPartOf\":{\"@id\":\"https:\\\/\\\/stbenedictmiami.org\\\/#website\"},\"primaryImageOfPage\":{\"@id\":\"https:\\\/\\\/stbenedictmiami.org\\\/marriage\\\/#primaryimage\"},\"image\":{\"@id\":\"https:\\\/\\\/stbenedictmiami.org\\\/marriage\\\/#primaryimage\"},\"thumbnailUrl\":\"https:\\\/\\\/stbenedictmiami.org\\\/wp-content\\\/uploads\\\/2023\\\/12\\\/imagen-marriage-1024x683.webp\",\"datePublished\":\"2023-11-30T18:06:54+00:00\",\"dateModified\":\"2024-01-16T02:45:13+00:00\",\"breadcrumb\":{\"@id\":\"https:\\\/\\\/stbenedictmiami.org\\\/marriage\\\/#breadcrumb\"},\"inLanguage\":\"es\",\"potentialAction\":[{\"@type\":\"ReadAction\",\"target\":[\"https:\\\/\\\/stbenedictmiami.org\\\/marriage\\\/\"]}]},{\"@type\":\"ImageObject\",\"inLanguage\":\"es\",\"@id\":\"https:\\\/\\\/stbenedictmiami.org\\\/marriage\\\/#primaryimage\",\"url\":\"https:\\\/\\\/stbenedictmiami.org\\\/wp-content\\\/uploads\\\/2023\\\/12\\\/imagen-marriage-1024x683.webp\",\"contentUrl\":\"https:\\\/\\\/stbenedictmiami.org\\\/wp-content\\\/uploads\\\/2023\\\/12\\\/imagen-marriage-1024x683.webp\"},{\"@type\":\"BreadcrumbList\",\"@id\":\"https:\\\/\\\/stbenedictmiami.org\\\/marriage\\\/#breadcrumb\",\"itemListElement\":[{\"@type\":\"ListItem\",\"position\":1,\"name\":\"Portada\",\"item\":\"https:\\\/\\\/stbenedictmiami.org\\\/\"},{\"@type\":\"ListItem\",\"position\":2,\"name\":\"MARRIAGE\"}]},{\"@type\":\"WebSite\",\"@id\":\"https:\\\/\\\/stbenedictmiami.org\\\/#website\",\"url\":\"https:\\\/\\\/stbenedictmiami.org\\\/\",\"name\":\"\",\"description\":\"\",\"potentialAction\":[{\"@type\":\"SearchAction\",\"target\":{\"@type\":\"EntryPoint\",\"urlTemplate\":\"https:\\\/\\\/stbenedictmiami.org\\\/?s={search_term_string}\"},\"query-input\":{\"@type\":\"PropertyValueSpecification\",\"valueRequired\":true,\"valueName\":\"search_term_string\"}}],\"inLanguage\":\"es\"}]}<\/script>\n<!-- \/ Yoast SEO plugin. -->","yoast_head_json":{"title":"MARRIAGE -","robots":{"index":"index","follow":"follow","max-snippet":"max-snippet:-1","max-image-preview":"max-image-preview:large","max-video-preview":"max-video-preview:-1"},"canonical":"https:\/\/stbenedictmiami.org\/es\/marriage\/","og_locale":"es_ES","og_type":"article","og_title":"MARRIAGE -","og_description":"Marriage Congratulations on your upcoming marriage! If you wish to have your wedding at St Benedict Catholic Church, please stop by the parish office. Our parish is happy to help you with the preparation of such an important step in your life. To do this, you need to schedule an appointment with the parish priest [&hellip;]","og_url":"https:\/\/stbenedictmiami.org\/es\/marriage\/","article_modified_time":"2024-01-16T02:45:13+00:00","og_image":[{"url":"https:\/\/stbenedictmiami.org\/wp-content\/uploads\/2023\/12\/imagen-marriage-1024x683.webp","type":"","width":"","height":""}],"twitter_card":"summary_large_image","twitter_misc":{"Tiempo de lectura":"1 minuto"},"schema":{"@context":"https:\/\/schema.org","@graph":[{"@type":"WebPage","@id":"https:\/\/stbenedictmiami.org\/marriage\/","url":"https:\/\/stbenedictmiami.org\/marriage\/","name":"MARRIAGE -","isPartOf":{"@id":"https:\/\/stbenedictmiami.org\/#website"},"primaryImageOfPage":{"@id":"https:\/\/stbenedictmiami.org\/marriage\/#primaryimage"},"image":{"@id":"https:\/\/stbenedictmiami.org\/marriage\/#primaryimage"},"thumbnailUrl":"https:\/\/stbenedictmiami.org\/wp-content\/uploads\/2023\/12\/imagen-marriage-1024x683.webp","datePublished":"2023-11-30T18:06:54+00:00","dateModified":"2024-01-16T02:45:13+00:00","breadcrumb":{"@id":"https:\/\/stbenedictmiami.org\/marriage\/#breadcrumb"},"inLanguage":"es","potentialAction":[{"@type":"ReadAction","target":["https:\/\/stbenedictmiami.org\/marriage\/"]}]},{"@type":"ImageObject","inLanguage":"es","@id":"https:\/\/stbenedictmiami.org\/marriage\/#primaryimage","url":"https:\/\/stbenedictmiami.org\/wp-content\/uploads\/2023\/12\/imagen-marriage-1024x683.webp","contentUrl":"https:\/\/stbenedictmiami.org\/wp-content\/uploads\/2023\/12\/imagen-marriage-1024x683.webp"},{"@type":"BreadcrumbList","@id":"https:\/\/stbenedictmiami.org\/marriage\/#breadcrumb","itemListElement":[{"@type":"ListItem","position":1,"name":"Portada","item":"https:\/\/stbenedictmiami.org\/"},{"@type":"ListItem","position":2,"name":"MARRIAGE"}]},{"@type":"WebSite","@id":"https:\/\/stbenedictmiami.org\/#website","url":"https:\/\/stbenedictmiami.org\/","name":"","description":"","potentialAction":[{"@type":"SearchAction","target":{"@type":"EntryPoint","urlTemplate":"https:\/\/stbenedictmiami.org\/?s={search_term_string}"},"query-input":{"@type":"PropertyValueSpecification","valueRequired":true,"valueName":"search_term_string"}}],"inLanguage":"es"}]}},"_links":{"self":[{"href":"https:\/\/stbenedictmiami.org\/es\/wp-json\/wp\/v2\/pages\/632","targetHints":{"allow":["GET"]}}],"collection":[{"href":"https:\/\/stbenedictmiami.org\/es\/wp-json\/wp\/v2\/pages"}],"about":[{"href":"https:\/\/stbenedictmiami.org\/es\/wp-json\/wp\/v2\/types\/page"}],"author":[{"embeddable":true,"href":"https:\/\/stbenedictmiami.org\/es\/wp-json\/wp\/v2\/users\/1"}],"replies":[{"embeddable":true,"href":"https:\/\/stbenedictmiami.org\/es\/wp-json\/wp\/v2\/comments?post=632"}],"version-history":[{"count":19,"href":"https:\/\/stbenedictmiami.org\/es\/wp-json\/wp\/v2\/pages\/632\/revisions"}],"predecessor-version":[{"id":1685,"href":"https:\/\/stbenedictmiami.org\/es\/wp-json\/wp\/v2\/pages\/632\/revisions\/1685"}],"wp:attachment":[{"href":"https:\/\/stbenedictmiami.org\/es\/wp-json\/wp\/v2\/media?parent=632"}],"curies":[{"name":"wp","href":"https:\/\/api.w.org\/{rel}","templated":true}]}}