{"id":604,"date":"2023-11-30T14:34:18","date_gmt":"2023-11-30T14:34:18","guid":{"rendered":"https:\/\/stbenedictmiami.org\/?page_id=604"},"modified":"2024-05-20T03:15:00","modified_gmt":"2024-05-20T03:15:00","slug":"eucharist","status":"publish","type":"page","link":"https:\/\/stbenedictmiami.org\/es\/eucharist\/","title":{"rendered":"EUCARIST\u00cdA"},"content":{"rendered":"<div data-elementor-type=\"wp-page\" data-elementor-id=\"604\" class=\"elementor elementor-604\">\n\t\t\t\t<div class=\"elementor-element elementor-element-caad8f6 e-flex e-con-boxed e-con e-parent\" data-id=\"caad8f6\" data-element_type=\"container\" data-e-type=\"container\">\n\t\t\t\t\t<div class=\"e-con-inner\">\n\t\t\t\t<div class=\"elementor-element elementor-element-903ed68 elementor-widget elementor-widget-heading\" data-id=\"903ed68\" data-element_type=\"widget\" data-e-type=\"widget\" data-widget_type=\"heading.default\">\n\t\t\t\t<div class=\"elementor-widget-container\">\n\t\t\t\t\t<h1 class=\"elementor-heading-title elementor-size-default\">Eucharist<\/h1>\t\t\t\t<\/div>\n\t\t\t\t<\/div>\n\t\t\t\t\t<\/div>\n\t\t\t\t<\/div>\n\t\t<div class=\"elementor-element elementor-element-d3d71ed e-flex e-con-boxed e-con e-parent\" data-id=\"d3d71ed\" data-element_type=\"container\" data-e-type=\"container\">\n\t\t\t\t\t<div class=\"e-con-inner\">\n\t\t\t\t<div class=\"elementor-element elementor-element-dabf73b elementor-widget elementor-widget-image\" data-id=\"dabf73b\" data-element_type=\"widget\" data-e-type=\"widget\" data-widget_type=\"image.default\">\n\t\t\t\t<div class=\"elementor-widget-container\">\n\t\t\t\t\t\t\t\t\t\t\t\t\t\t\t<img fetchpriority=\"high\" decoding=\"async\" width=\"651\" height=\"579\" src=\"https:\/\/stbenedictmiami.org\/wp-content\/uploads\/2023\/12\/bg-video-e1701838490234.webp\" class=\"attachment-large size-large wp-image-697\" alt=\"\" srcset=\"https:\/\/stbenedictmiami.org\/wp-content\/uploads\/2023\/12\/bg-video-e1701838490234.webp 651w, https:\/\/stbenedictmiami.org\/wp-content\/uploads\/2023\/12\/bg-video-e1701838490234-300x267.webp 300w, https:\/\/stbenedictmiami.org\/wp-content\/uploads\/2023\/12\/bg-video-e1701838490234-13x12.webp 13w, https:\/\/stbenedictmiami.org\/wp-content\/uploads\/2023\/12\/bg-video-e1701838490234-600x534.webp 600w\" sizes=\"(max-width: 651px) 100vw, 651px\" \/>\t\t\t\t\t\t\t\t\t\t\t\t\t\t\t<\/div>\n\t\t\t\t<\/div>\n\t\t\t\t\t<\/div>\n\t\t\t\t<\/div>\n\t\t<div class=\"elementor-element elementor-element-3dfdc4c e-con-full e-flex e-con e-parent\" data-id=\"3dfdc4c\" data-element_type=\"container\" data-e-type=\"container\">\n\t\t<div class=\"elementor-element elementor-element-a5eb70b e-flex e-con-boxed e-con e-child\" data-id=\"a5eb70b\" data-element_type=\"container\" data-e-type=\"container\">\n\t\t\t\t\t<div class=\"e-con-inner\">\n\t\t\t\t<div class=\"elementor-element elementor-element-406e060 elementor-widget elementor-widget-text-editor\" data-id=\"406e060\" data-element_type=\"widget\" data-e-type=\"widget\" data-widget_type=\"text-editor.default\">\n\t\t\t\t<div class=\"elementor-widget-container\">\n\t\t\t\t\t\t\t\t\t<p>La Eucarist\u00eda es el sacramento del Cuerpo y Sangre de Jesucristo bajo las apariencias de pan y vino, que se nos ofrece durante la Santa Misa y es alimento de la vida divina. La Eucarist\u00eda nos santifica y nos hace part\u00edcipes de la vida divina.<\/p>\t\t\t\t\t\t\t\t<\/div>\n\t\t\t\t<\/div>\n\t\t\t\t\t<\/div>\n\t\t\t\t<\/div>\n\t\t\t\t<\/div>\n\t\t<div class=\"elementor-element elementor-element-cdd2fdd e-con-full e-flex e-con e-parent\" data-id=\"cdd2fdd\" data-element_type=\"container\" data-e-type=\"container\" data-settings=\"{&quot;background_background&quot;:&quot;classic&quot;}\">\n\t\t<div class=\"elementor-element elementor-element-58e8e13 e-con-full e-flex e-con e-child\" data-id=\"58e8e13\" data-element_type=\"container\" data-e-type=\"container\">\n\t\t\t\t<div class=\"elementor-element elementor-element-774245f elementor-widget elementor-widget-text-editor\" data-id=\"774245f\" data-element_type=\"widget\" data-e-type=\"widget\" data-widget_type=\"text-editor.default\">\n\t\t\t\t<div class=\"elementor-widget-container\">\n\t\t\t\t\t\t\t\t\t<p>El Se\u00f1or nos dirige una invitaci\u00f3n, inst\u00e1ndonos a recibirlo en el sacramento de la Eucarist\u00eda: \u201cEn verdad os digo que si no com\u00e9is la carne del Hijo del Hombre y no beb\u00e9is su sangre, no ten\u00e9is vida en vosotros. \"<br \/><br \/>(CCC #1384)<\/p>\t\t\t\t\t\t\t\t<\/div>\n\t\t\t\t<\/div>\n\t\t\t\t<\/div>\n\t\t\t\t<\/div>\n\t\t<div class=\"elementor-element elementor-element-98a8a76 e-con-full e-flex e-con e-parent\" data-id=\"98a8a76\" data-element_type=\"container\" data-e-type=\"container\">\n\t\t<div class=\"elementor-element elementor-element-afd2692 e-con-full e-flex e-con e-child\" data-id=\"afd2692\" data-element_type=\"container\" data-e-type=\"container\">\n\t\t\t\t<div class=\"elementor-element elementor-element-f51a2de elementor-widget elementor-widget-text-editor\" data-id=\"f51a2de\" data-element_type=\"widget\" data-e-type=\"widget\" data-widget_type=\"text-editor.default\">\n\t\t\t\t<div class=\"elementor-widget-container\">\n\t\t\t\t\t\t\t\t\t<p style=\"color: #ad8f63;\"><strong>Primera Comuni\u00f3n Para Ni\u00f1os<\/strong><\/p><p class=\"p1\"><strong>Why Receive First Holy Communion?<\/strong><\/p><p>\u2013 Nutrici\u00f3n del Alma y Uni\u00f3n con Cristo: La raz\u00f3n central para recibir la Primera Comuni\u00f3n es participar del cuerpo y sangre de Jesucristo. Los cat\u00f3licos creen en la Presencia Real, en la que el pan y el vino consagrados se convierten verdaderamente en el cuerpo y la sangre de Cristo durante la celebraci\u00f3n de la Misa.<\/p><p>Al recibir la Eucarist\u00eda, el comulgante se nutre espiritualmente y entra en una uni\u00f3n profunda con Cristo, fortaleciendo su relaci\u00f3n con \u00c9l.<\/p><p>\u2013 Iniciaci\u00f3n a la Plenitud de la Fe Cat\u00f3lica. Al recibir la Eucarist\u00eda por primera vez, el cat\u00f3lico completa su iniciaci\u00f3n en la plenitud de la fe cat\u00f3lica. Este hito marca un paso significativo en el viaje espiritual del individuo dentro de la Iglesia, permiti\u00e9ndole participar activamente en la Misa y comprometerse plenamente en la vida de la Iglesia.<\/p>\t\t\t\t\t\t\t\t<\/div>\n\t\t\t\t<\/div>\n\t\t\t\t<div class=\"elementor-element elementor-element-e7ef804 elementor-widget-divider--view-line elementor-widget elementor-widget-divider\" data-id=\"e7ef804\" data-element_type=\"widget\" data-e-type=\"widget\" data-widget_type=\"divider.default\">\n\t\t\t\t<div class=\"elementor-widget-container\">\n\t\t\t\t\t\t\t<div class=\"elementor-divider\">\n\t\t\t<span class=\"elementor-divider-separator\">\n\t\t\t\t\t\t<\/span>\n\t\t<\/div>\n\t\t\t\t\t\t<\/div>\n\t\t\t\t<\/div>\n\t\t\t\t<\/div>\n\t\t\t\t<\/div>\n\t\t<div class=\"elementor-element elementor-element-72efd1b e-flex e-con-boxed e-con e-parent\" data-id=\"72efd1b\" data-element_type=\"container\" data-e-type=\"container\">\n\t\t\t\t\t<div class=\"e-con-inner\">\n\t\t<div class=\"elementor-element elementor-element-31a7b98 e-con-full e-flex e-con e-child\" data-id=\"31a7b98\" data-element_type=\"container\" data-e-type=\"container\">\n\t\t\t\t<div class=\"elementor-element elementor-element-e13cbff elementor-widget-divider--view-line elementor-widget elementor-widget-divider\" data-id=\"e13cbff\" data-element_type=\"widget\" data-e-type=\"widget\" data-widget_type=\"divider.default\">\n\t\t\t\t<div class=\"elementor-widget-container\">\n\t\t\t\t\t\t\t<div class=\"elementor-divider\">\n\t\t\t<span class=\"elementor-divider-separator\">\n\t\t\t\t\t\t<\/span>\n\t\t<\/div>\n\t\t\t\t\t\t<\/div>\n\t\t\t\t<\/div>\n\t\t\t\t<div class=\"elementor-element elementor-element-d0e9ee5 elementor-widget elementor-widget-text-editor\" data-id=\"d0e9ee5\" data-element_type=\"widget\" data-e-type=\"widget\" data-widget_type=\"text-editor.default\">\n\t\t\t\t<div class=\"elementor-widget-container\">\n\t\t\t\t\t\t\t\t\t<p style=\"color: #ad8f63;\"><strong>Requisitos para la Primera Comuni\u00f3n para ni\u00f1os<\/strong><span style=\"font-size: 16px; color: #8a8989;\">\n<\/span><\/p>\nAsistir al Programa de Educaci\u00f3n Religiosa. Por favor, visite Ministerios y Grupos\/Educaci\u00f3n Religiosa o\u00a0<span style=\"font-style: inherit; font-weight: inherit; text-align: var(--text-align); background-color: var(--ast-global-color-5);\">llamar a educaci\u00f3n religiosa <strong>Tel\u00e9fono de la oficina. 305-557-2511<\/strong><\/span>\t\t\t\t\t\t\t\t<\/div>\n\t\t\t\t<\/div>\n\t\t\t\t<\/div>\n\t\t<div class=\"elementor-element elementor-element-60d8b4a e-con-full e-flex e-con e-child\" data-id=\"60d8b4a\" data-element_type=\"container\" data-e-type=\"container\">\n\t\t\t\t<div class=\"elementor-element elementor-element-b2df9a4 elementor-widget elementor-widget-text-editor\" data-id=\"b2df9a4\" data-element_type=\"widget\" data-e-type=\"widget\" data-widget_type=\"text-editor.default\">\n\t\t\t\t<div class=\"elementor-widget-container\">\n\t\t\t\t\t\t\t\t\t<p><span style=\"font-style: inherit; text-align: var(--text-align); background-color: var(--ast-global-color-5);\"><span style=\"color: #ad8f63;\"><b>Primera Comuni\u00f3n para Adultos.<\/b><\/span><\/span><br \/><br \/><\/p><p>Los adultos mayores de 18 a\u00f1os interesados en participar en la plena comuni\u00f3n con la Iglesia Cat\u00f3lica est\u00e1n invitados a participar en el Rito de Iniciaci\u00f3n Cristiana para Adultos (RICA).\n\nPor favor, visite Ministerios y Grupos\/Educaci\u00f3n Religiosa o llame a la Parroquia<br \/><br \/><\/p><p>Por favor visite Ministerios y Grupos\/Educaci\u00f3n Religiosa o llame a la Oficina de Educaci\u00f3n Religiosa Tel. 305-557-2511. <strong>Parish<\/strong> <strong>Tel\u00e9fono de la oficina. 305-558-2511 Atenci\u00f3n. Di\u00e1cono Emilio Blanco<\/strong><\/p>\t\t\t\t\t\t\t\t<\/div>\n\t\t\t\t<\/div>\n\t\t\t\t<div class=\"elementor-element elementor-element-7b99cc7 elementor-widget-divider--view-line elementor-widget elementor-widget-divider\" data-id=\"7b99cc7\" data-element_type=\"widget\" data-e-type=\"widget\" data-widget_type=\"divider.default\">\n\t\t\t\t<div class=\"elementor-widget-container\">\n\t\t\t\t\t\t\t<div class=\"elementor-divider\">\n\t\t\t<span class=\"elementor-divider-separator\">\n\t\t\t\t\t\t<\/span>\n\t\t<\/div>\n\t\t\t\t\t\t<\/div>\n\t\t\t\t<\/div>\n\t\t\t\t<\/div>\n\t\t\t\t\t<\/div>\n\t\t\t\t<\/div>\n\t\t\t\t<\/div>","protected":false},"excerpt":{"rendered":"<p>Eucharist The Eucharist is the sacrament of the Body and Blood of Jesus Christ under the appearances of bread and wine, which is offered to us during the Holy Mass and is the food of divine life. The Eucharist sanctifies us and makes us partakers of the divine life. The Lord addresses an invitation to [&hellip;]<\/p>\n","protected":false},"author":1,"featured_media":0,"parent":0,"menu_order":0,"comment_status":"closed","ping_status":"closed","template":"","meta":{"_coblocks_attr":"","_coblocks_dimensions":"","_coblocks_responsive_height":"","_coblocks_accordion_ie_support":"","site-sidebar-layout":"no-sidebar","site-content-layout":"","ast-site-content-layout":"full-width-container","site-content-style":"default","site-sidebar-style":"default","ast-global-header-display":"","ast-banner-title-visibility":"","ast-main-header-display":"","ast-hfb-above-header-display":"","ast-hfb-below-header-display":"","ast-hfb-mobile-header-display":"","site-post-title":"disabled","ast-breadcrumbs-content":"","ast-featured-img":"disabled","footer-sml-layout":"","ast-disable-related-posts":"","theme-transparent-header-meta":"","adv-header-id-meta":"","stick-header-meta":"","header-above-stick-meta":"","header-main-stick-meta":"","header-below-stick-meta":"","astra-migrate-meta-layouts":"default","ast-page-background-enabled":"default","ast-page-background-meta":{"desktop":{"background-color":"var(--ast-global-color-4)","background-image":"","background-repeat":"repeat","background-position":"center center","background-size":"auto","background-attachment":"scroll","background-type":"","background-media":"","overlay-type":"","overlay-color":"","overlay-opacity":"","overlay-gradient":""},"tablet":{"background-color":"","background-image":"","background-repeat":"repeat","background-position":"center center","background-size":"auto","background-attachment":"scroll","background-type":"","background-media":"","overlay-type":"","overlay-color":"","overlay-opacity":"","overlay-gradient":""},"mobile":{"background-color":"","background-image":"","background-repeat":"repeat","background-position":"center center","background-size":"auto","background-attachment":"scroll","background-type":"","background-media":"","overlay-type":"","overlay-color":"","overlay-opacity":"","overlay-gradient":""}},"ast-content-background-meta":{"desktop":{"background-color":"var(--ast-global-color-5)","background-image":"","background-repeat":"repeat","background-position":"center center","background-size":"auto","background-attachment":"scroll","background-type":"","background-media":"","overlay-type":"","overlay-color":"","overlay-opacity":"","overlay-gradient":""},"tablet":{"background-color":"var(--ast-global-color-5)","background-image":"","background-repeat":"repeat","background-position":"center center","background-size":"auto","background-attachment":"scroll","background-type":"","background-media":"","overlay-type":"","overlay-color":"","overlay-opacity":"","overlay-gradient":""},"mobile":{"background-color":"var(--ast-global-color-5)","background-image":"","background-repeat":"repeat","background-position":"center center","background-size":"auto","background-attachment":"scroll","background-type":"","background-media":"","overlay-type":"","overlay-color":"","overlay-opacity":"","overlay-gradient":""}},"_joinchat":[],"footnotes":""},"class_list":["post-604","page","type-page","status-publish","hentry"],"yoast_head":"<!-- This site is optimized with the Yoast SEO plugin v27.5 - https:\/\/yoast.com\/product\/yoast-seo-wordpress\/ -->\n<title>EUCHARIST -<\/title>\n<meta name=\"robots\" content=\"index, follow, max-snippet:-1, max-image-preview:large, max-video-preview:-1\" \/>\n<link rel=\"canonical\" href=\"https:\/\/stbenedictmiami.org\/es\/eucharist\/\" \/>\n<meta property=\"og:locale\" content=\"es_ES\" \/>\n<meta property=\"og:type\" content=\"article\" \/>\n<meta property=\"og:title\" content=\"EUCHARIST -\" \/>\n<meta property=\"og:description\" content=\"Eucharist The Eucharist is the sacrament of the Body and Blood of Jesus Christ under the appearances of bread and wine, which is offered to us during the Holy Mass and is the food of divine life. The Eucharist sanctifies us and makes us partakers of the divine life. The Lord addresses an invitation to [&hellip;]\" \/>\n<meta property=\"og:url\" content=\"https:\/\/stbenedictmiami.org\/es\/eucharist\/\" \/>\n<meta property=\"article:modified_time\" content=\"2024-05-20T03:15:00+00:00\" \/>\n<meta property=\"og:image\" content=\"https:\/\/stbenedictmiami.org\/wp-content\/uploads\/2023\/12\/bg-video-e1701838490234.webp\" \/>\n<meta name=\"twitter:card\" content=\"summary_large_image\" \/>\n<meta name=\"twitter:label1\" content=\"Tiempo de lectura\" \/>\n\t<meta name=\"twitter:data1\" content=\"2 minutos\" \/>\n<script type=\"application\/ld+json\" class=\"yoast-schema-graph\">{\"@context\":\"https:\\\/\\\/schema.org\",\"@graph\":[{\"@type\":\"WebPage\",\"@id\":\"https:\\\/\\\/stbenedictmiami.org\\\/eucharist\\\/\",\"url\":\"https:\\\/\\\/stbenedictmiami.org\\\/eucharist\\\/\",\"name\":\"EUCHARIST -\",\"isPartOf\":{\"@id\":\"https:\\\/\\\/stbenedictmiami.org\\\/#website\"},\"primaryImageOfPage\":{\"@id\":\"https:\\\/\\\/stbenedictmiami.org\\\/eucharist\\\/#primaryimage\"},\"image\":{\"@id\":\"https:\\\/\\\/stbenedictmiami.org\\\/eucharist\\\/#primaryimage\"},\"thumbnailUrl\":\"https:\\\/\\\/stbenedictmiami.org\\\/wp-content\\\/uploads\\\/2023\\\/12\\\/bg-video-e1701838490234.webp\",\"datePublished\":\"2023-11-30T14:34:18+00:00\",\"dateModified\":\"2024-05-20T03:15:00+00:00\",\"breadcrumb\":{\"@id\":\"https:\\\/\\\/stbenedictmiami.org\\\/eucharist\\\/#breadcrumb\"},\"inLanguage\":\"es\",\"potentialAction\":[{\"@type\":\"ReadAction\",\"target\":[\"https:\\\/\\\/stbenedictmiami.org\\\/eucharist\\\/\"]}]},{\"@type\":\"ImageObject\",\"inLanguage\":\"es\",\"@id\":\"https:\\\/\\\/stbenedictmiami.org\\\/eucharist\\\/#primaryimage\",\"url\":\"https:\\\/\\\/stbenedictmiami.org\\\/wp-content\\\/uploads\\\/2023\\\/12\\\/bg-video-e1701838490234.webp\",\"contentUrl\":\"https:\\\/\\\/stbenedictmiami.org\\\/wp-content\\\/uploads\\\/2023\\\/12\\\/bg-video-e1701838490234.webp\"},{\"@type\":\"BreadcrumbList\",\"@id\":\"https:\\\/\\\/stbenedictmiami.org\\\/eucharist\\\/#breadcrumb\",\"itemListElement\":[{\"@type\":\"ListItem\",\"position\":1,\"name\":\"Portada\",\"item\":\"https:\\\/\\\/stbenedictmiami.org\\\/\"},{\"@type\":\"ListItem\",\"position\":2,\"name\":\"EUCHARIST\"}]},{\"@type\":\"WebSite\",\"@id\":\"https:\\\/\\\/stbenedictmiami.org\\\/#website\",\"url\":\"https:\\\/\\\/stbenedictmiami.org\\\/\",\"name\":\"\",\"description\":\"\",\"potentialAction\":[{\"@type\":\"SearchAction\",\"target\":{\"@type\":\"EntryPoint\",\"urlTemplate\":\"https:\\\/\\\/stbenedictmiami.org\\\/?s={search_term_string}\"},\"query-input\":{\"@type\":\"PropertyValueSpecification\",\"valueRequired\":true,\"valueName\":\"search_term_string\"}}],\"inLanguage\":\"es\"}]}<\/script>\n<!-- \/ Yoast SEO plugin. -->","yoast_head_json":{"title":"EUCHARIST -","robots":{"index":"index","follow":"follow","max-snippet":"max-snippet:-1","max-image-preview":"max-image-preview:large","max-video-preview":"max-video-preview:-1"},"canonical":"https:\/\/stbenedictmiami.org\/es\/eucharist\/","og_locale":"es_ES","og_type":"article","og_title":"EUCHARIST -","og_description":"Eucharist The Eucharist is the sacrament of the Body and Blood of Jesus Christ under the appearances of bread and wine, which is offered to us during the Holy Mass and is the food of divine life. The Eucharist sanctifies us and makes us partakers of the divine life. The Lord addresses an invitation to [&hellip;]","og_url":"https:\/\/stbenedictmiami.org\/es\/eucharist\/","article_modified_time":"2024-05-20T03:15:00+00:00","og_image":[{"url":"https:\/\/stbenedictmiami.org\/wp-content\/uploads\/2023\/12\/bg-video-e1701838490234.webp","type":"","width":"","height":""}],"twitter_card":"summary_large_image","twitter_misc":{"Tiempo de lectura":"2 minutos"},"schema":{"@context":"https:\/\/schema.org","@graph":[{"@type":"WebPage","@id":"https:\/\/stbenedictmiami.org\/eucharist\/","url":"https:\/\/stbenedictmiami.org\/eucharist\/","name":"EUCHARIST -","isPartOf":{"@id":"https:\/\/stbenedictmiami.org\/#website"},"primaryImageOfPage":{"@id":"https:\/\/stbenedictmiami.org\/eucharist\/#primaryimage"},"image":{"@id":"https:\/\/stbenedictmiami.org\/eucharist\/#primaryimage"},"thumbnailUrl":"https:\/\/stbenedictmiami.org\/wp-content\/uploads\/2023\/12\/bg-video-e1701838490234.webp","datePublished":"2023-11-30T14:34:18+00:00","dateModified":"2024-05-20T03:15:00+00:00","breadcrumb":{"@id":"https:\/\/stbenedictmiami.org\/eucharist\/#breadcrumb"},"inLanguage":"es","potentialAction":[{"@type":"ReadAction","target":["https:\/\/stbenedictmiami.org\/eucharist\/"]}]},{"@type":"ImageObject","inLanguage":"es","@id":"https:\/\/stbenedictmiami.org\/eucharist\/#primaryimage","url":"https:\/\/stbenedictmiami.org\/wp-content\/uploads\/2023\/12\/bg-video-e1701838490234.webp","contentUrl":"https:\/\/stbenedictmiami.org\/wp-content\/uploads\/2023\/12\/bg-video-e1701838490234.webp"},{"@type":"BreadcrumbList","@id":"https:\/\/stbenedictmiami.org\/eucharist\/#breadcrumb","itemListElement":[{"@type":"ListItem","position":1,"name":"Portada","item":"https:\/\/stbenedictmiami.org\/"},{"@type":"ListItem","position":2,"name":"EUCHARIST"}]},{"@type":"WebSite","@id":"https:\/\/stbenedictmiami.org\/#website","url":"https:\/\/stbenedictmiami.org\/","name":"","description":"","potentialAction":[{"@type":"SearchAction","target":{"@type":"EntryPoint","urlTemplate":"https:\/\/stbenedictmiami.org\/?s={search_term_string}"},"query-input":{"@type":"PropertyValueSpecification","valueRequired":true,"valueName":"search_term_string"}}],"inLanguage":"es"}]}},"_links":{"self":[{"href":"https:\/\/stbenedictmiami.org\/es\/wp-json\/wp\/v2\/pages\/604","targetHints":{"allow":["GET"]}}],"collection":[{"href":"https:\/\/stbenedictmiami.org\/es\/wp-json\/wp\/v2\/pages"}],"about":[{"href":"https:\/\/stbenedictmiami.org\/es\/wp-json\/wp\/v2\/types\/page"}],"author":[{"embeddable":true,"href":"https:\/\/stbenedictmiami.org\/es\/wp-json\/wp\/v2\/users\/1"}],"replies":[{"embeddable":true,"href":"https:\/\/stbenedictmiami.org\/es\/wp-json\/wp\/v2\/comments?post=604"}],"version-history":[{"count":34,"href":"https:\/\/stbenedictmiami.org\/es\/wp-json\/wp\/v2\/pages\/604\/revisions"}],"predecessor-version":[{"id":2016,"href":"https:\/\/stbenedictmiami.org\/es\/wp-json\/wp\/v2\/pages\/604\/revisions\/2016"}],"wp:attachment":[{"href":"https:\/\/stbenedictmiami.org\/es\/wp-json\/wp\/v2\/media?parent=604"}],"curies":[{"name":"wp","href":"https:\/\/api.w.org\/{rel}","templated":true}]}}